{"id":20,"date":"2015-09-30T14:08:24","date_gmt":"2015-09-30T12:08:24","guid":{"rendered":"http:\/\/c59105.anthro.univie.ac.at:8070\/micro-ct.at\/?page_id=20"},"modified":"2018-10-22T09:26:58","modified_gmt":"2018-10-22T07:26:58","slug":"links","status":"publish","type":"page","link":"https:\/\/www.micro-ct.at\/en\/links\/","title":{"rendered":"Links"},"content":{"rendered":"<table class=\"plain\" width=\"100%\">\n<tbody>\n<tr>\n<td valign=\"top\"><strong><span class=\"link-external\"><a title=\"VISCOM\" href=\"\/\/www.viscom.de\" target=\"_blank\" rel=\"noopener noreferrer\">Viscom AG<\/a><\/span><\/strong><br \/>\nCarl-Buderus-Str. 9 &#8211; 15<br \/>\n30455 Hannover<br \/>\nGermanyTel.: +49 511 94996-0<br \/>\nFax: +49 511 94996-900<br \/>\nE-Mail: info@viscom.de<\/td>\n<td valign=\"top\" width=\"40%\"><a href=\"\/\/www.viscom.de\"><img loading=\"lazy\" decoding=\"async\" class=\"alignnone wp-image-41 size-medium\" src=\"\/\/www.micro-ct.at\/wp-content\/uploads\/2015\/09\/viscom_logo-300x80.jpg\" alt=\"viscom_logo\" width=\"300\" height=\"80\" \/><\/a><\/td>\n<\/tr>\n<tr>\n<td valign=\"top\"><b><span class=\"link-external\"><a title=\"Bundesanstalt f\u00fcr Materialforschung und -pr\u00fcfung\" href=\"\/\/www.bam.de\/\" target=\"_blank\" rel=\"noopener noreferrer\">Bundesanstalt f\u00fcr Materialforschung und -pr\u00fcfung<\/a><\/span><br \/>\n<i>Fachgruppe I.4 Nuklearanalytik<\/i><\/b><br \/>\nRichard-Willst\u00e4tter-Stra\u00dfe 11<br \/>\nD-12489\u00a0 Berlin<br \/>\nGermanyTel.: +49 30-81044151<br \/>\nFax: +49 30-81041147<br \/>\nE-Mail: bernhard.illerhaus@bam.de<\/td>\n<td valign=\"top\" width=\"40%\"><a href=\"\/\/www.bam.de\/\"><img loading=\"lazy\" decoding=\"async\" class=\"alignnone wp-image-33 size-full\" src=\"\/\/www.micro-ct.at\/wp-content\/uploads\/2015\/09\/BAM-LogoohneTextklein.gif\" alt=\"BAM-LogoohneText(klein)\" width=\"125\" height=\"33\" \/><\/a><\/td>\n<\/tr>\n<tr>\n<td><b><span class=\"link-external\"><a title=\"Vienna University of Technology\" href=\"\/\/info.wkmp.tuwien.ac.at\/wkmp\/institut.html\" target=\"_blank\" rel=\"noopener noreferrer\">Vienna University of Technology<\/a><\/span><br \/>\n<i>Institute of Materials Science and Technology<\/i><\/b><br \/>\nKarlsplatz 13\/E308<br \/>\nA-1040 Vienna<br \/>\nAustriaTel.: +43 (0)158801-30811<br \/>\nFax: +43 (0)158801-30899<br \/>\nE-Mail: hpdegi@pop.tuwien.ac.at<\/td>\n<td valign=\"top\"><a href=\"\/\/info.wkmp.tuwien.ac.at\/wkmp\/institut.html\"><img loading=\"lazy\" decoding=\"async\" class=\"alignnone wp-image-40 size-full\" src=\"\/\/www.micro-ct.at\/wp-content\/uploads\/2015\/09\/tu-logo.gif\" alt=\"tu-logo\" width=\"100\" height=\"100\" \/><\/a><\/td>\n<\/tr>\n<\/tbody>\n<\/table>\n","protected":false},"excerpt":{"rendered":"<p>Viscom AG Carl-Buderus-Str. 9 &#8211; 15 30455 Hannover GermanyTel.: +49 511 94996-0 Fax: +49 511 94996-900 E-Mail: info@viscom.de Bundesanstalt f\u00fcr Materialforschung und -pr\u00fcfung Fachgruppe I.4 Nuklearanalytik Richard-Willst\u00e4tter-Stra\u00dfe 11 D-12489\u00a0 Berlin GermanyTel.: +49 30-81044151 Fax: +49 30-81041147 E-Mail: bernhard.illerhaus@bam.de Vienna University of Technology Institute of Materials Science and Technology Karlsplatz 13\/E308 A-1040 Vienna AustriaTel.: +43 (0)158801-30811 &hellip; <a href=\"https:\/\/www.micro-ct.at\/en\/links\/\" class=\"more-link\">Continue reading <span class=\"screen-reader-text\">Links<\/span> <span class=\"meta-nav\">&rarr;<\/span><\/a><\/p>\n","protected":false},"author":3,"featured_media":0,"parent":0,"menu_order":30,"comment_status":"closed","ping_status":"closed","template":"","meta":{"footnotes":""},"class_list":["post-20","page","type-page","status-publish","hentry"],"translation":{"provider":"WPGlobus","version":"3.0.2","language":"en","enabled_languages":["de","en"],"languages":{"de":{"title":true,"content":true,"excerpt":false},"en":{"title":true,"content":true,"excerpt":false}}},"_links":{"self":[{"href":"https:\/\/www.micro-ct.at\/en\/wp-json\/wp\/v2\/pages\/20","targetHints":{"allow":["GET"]}}],"collection":[{"href":"https:\/\/www.micro-ct.at\/en\/wp-json\/wp\/v2\/pages"}],"about":[{"href":"https:\/\/www.micro-ct.at\/en\/wp-json\/wp\/v2\/types\/page"}],"author":[{"embeddable":true,"href":"https:\/\/www.micro-ct.at\/en\/wp-json\/wp\/v2\/users\/3"}],"replies":[{"embeddable":true,"href":"https:\/\/www.micro-ct.at\/en\/wp-json\/wp\/v2\/comments?post=20"}],"version-history":[{"count":20,"href":"https:\/\/www.micro-ct.at\/en\/wp-json\/wp\/v2\/pages\/20\/revisions"}],"predecessor-version":[{"id":411,"href":"https:\/\/www.micro-ct.at\/en\/wp-json\/wp\/v2\/pages\/20\/revisions\/411"}],"wp:attachment":[{"href":"https:\/\/www.micro-ct.at\/en\/wp-json\/wp\/v2\/media?parent=20"}],"curies":[{"name":"wp","href":"https:\/\/api.w.org\/{rel}","templated":true}]}}