{"id":22,"date":"2015-09-30T14:09:19","date_gmt":"2015-09-30T12:09:19","guid":{"rendered":"http:\/\/c59105.anthro.univie.ac.at:8070\/micro-ct.at\/?page_id=22"},"modified":"2025-08-01T15:48:55","modified_gmt":"2025-08-01T13:48:55","slug":"technische-daten","status":"publish","type":"page","link":"https:\/\/www.micro-ct.at\/en\/facts\/technische-daten\/","title":{"rendered":"Technical Data"},"content":{"rendered":"<p><img loading=\"lazy\" decoding=\"async\" class=\"alignnone wp-image-39 size-full\" src=\"https:\/\/www.micro-ct.at\/wp-content\/uploads\/2015\/09\/photos.jpg\" alt=\"photos\" width=\"832\" height=\"214\" srcset=\"https:\/\/www.micro-ct.at\/wp-content\/uploads\/2015\/09\/photos.jpg 832w, https:\/\/www.micro-ct.at\/wp-content\/uploads\/2015\/09\/photos-300x77.jpg 300w\" sizes=\"auto, (max-width: 832px) 100vw, 832px\" \/><\/p>\n<h2>VISCOM X8060 NDT &#8211; 2D\/3D-X-ray inspection<\/h2>\n<table class=\"vertical listing\" width=\"100%\">\n<tbody>\n<tr>\n<td width=\"30%\">\n<h3>R\u00f6ntgentechnik<\/h3>\n<\/td>\n<td width=\"70%\"><\/td>\n<\/tr>\n<tr>\n<td width=\"30%\"><b>R\u00f6ntgenr\u00f6hre<\/b><\/td>\n<td width=\"70%\">Offene Ganzmetallr\u00f6hre Viscom XT9190-THP<br \/>\nmit Transmissionsger\u00e4t<\/td>\n<\/tr>\n<tr>\n<td width=\"30%\"><b>Hochspannung<\/b><\/td>\n<td width=\"70%\">10 &#8211; 190 kV<\/td>\n<\/tr>\n<tr>\n<td width=\"30%\"><b>R\u00f6hrenstrom<\/b><\/td>\n<td width=\"70%\">10 \u00b5A &#8211; 800 \u00b5A<\/td>\n<\/tr>\n<tr>\n<td width=\"30%\"><b>Targetleistung<\/b><\/td>\n<td width=\"70%\">Max. 80W, Microfokusbereich bis 8W<\/td>\n<\/tr>\n<tr>\n<td width=\"30%\"><b>Brennfleckgr\u00f6\u00dfe<\/b><\/td>\n<td width=\"70%\">&lt; 5 &#8230; 2 \u00b5m<\/td>\n<\/tr>\n<tr>\n<td width=\"30%\"><b>Detailerkennbarkeit<\/b><\/td>\n<td width=\"70%\">&lt; 2 &#8230; 1 \u00b5m<\/td>\n<\/tr>\n<tr>\n<td width=\"30%\"><b>Minimaler Fokus-Objekt-Abstand<\/b><\/td>\n<td width=\"70%\">4,1 &#8230; 0,2 mm<\/td>\n<\/tr>\n<tr>\n<td width=\"30%\"><b>Vergr\u00f6\u00dferung<\/b><\/td>\n<td width=\"70%\">Direkte geometrische Vergr\u00f6\u00dferung je nach R\u00f6hrentyp bis zu 244-fach oder bis zu 4000-fach<\/td>\n<\/tr>\n<tr>\n<td width=\"30%\"><b>R\u00f6ntgen-Detektor<br \/>\n<\/b><\/td>\n<td width=\"70%\">Hochaufl\u00f6sende digitale Flachbilddetektor (3197&#215;2239 Pixel, 14 bit Graustufen)<\/td>\n<\/tr>\n<tr>\n<td width=\"30%\"><b>R\u00f6ntgenkabine<br \/>\n<\/b><\/td>\n<td width=\"70%\">Ausgelegt als Vollschutzger\u00e4t gem. R\u00f6V (dt. R\u00f6ntgenverordnung) vom 18.06.2002 sowie US-Standard ANS\/NBS CFR Sect.1020-40 und weiteren internationalen Standards, Leckstrahlungsrate &lt; 0.5 \u00b5Sv\/h<\/td>\n<\/tr>\n<\/tbody>\n<\/table>\n<table class=\"vertical listing\" width=\"100%\">\n<tbody>\n<tr>\n<td>\n<h3>Software<\/h3>\n<\/td>\n<td><\/td>\n<\/tr>\n<\/tbody>\n<tbody>\n<tr>\n<td width=\"30%\"><b>Bedienoberfl\u00e4che<\/b><\/td>\n<td width=\"70%\">Viscom VVP mit XMC, EasyPro<\/td>\n<\/tr>\n<tr>\n<td width=\"30%\"><b>CT<\/b><\/td>\n<td width=\"70%\">Viscom \u00b5CT-Modul mit Spiral-CT-Funktion<\/td>\n<\/tr>\n<\/tbody>\n<\/table>\n<table class=\"vertical listing\" width=\"100%\">\n<tbody>\n<tr>\n<td>\n<h3>Analyserechner<\/h3>\n<\/td>\n<td><\/td>\n<\/tr>\n<\/tbody>\n<tbody>\n<tr>\n<td width=\"30%\"><b>Betriebssystem<\/b><\/td>\n<td width=\"70%\">Microsoft Windows\u00ae 7<\/td>\n<\/tr>\n<tr>\n<td width=\"30%\"><b>Prozessor<\/b><\/td>\n<td width=\"70%\">Intel PENTIUM\u00ae<\/td>\n<\/tr>\n<\/tbody>\n<\/table>\n<table class=\"vertical listing\" width=\"100%\">\n<tbody>\n<tr>\n<td>\n<h3>Probenhandling<\/h3>\n<\/td>\n<td><\/td>\n<\/tr>\n<\/tbody>\n<tbody>\n<tr>\n<td width=\"30%\"><b>Manipulator<\/b><\/td>\n<td width=\"70%\">3 Achsen (X, Y, Z, Rotation 360\u00b0)<\/td>\n<\/tr>\n<tr>\n<td width=\"30%\"><b>Joystick-Bedienung<\/b><\/td>\n<td width=\"70%\">Alle Achsen<\/td>\n<\/tr>\n<tr>\n<td width=\"30%\"><b>CNC-F\u00e4higkeit<\/b><\/td>\n<td width=\"70%\">Alle Achsen<\/td>\n<\/tr>\n<tr>\n<td width=\"30%\"><b>Max. Inspektionsfl\u00e4che X\/Y<\/b><\/td>\n<td width=\"70%\">610 x 460 mm<\/td>\n<\/tr>\n<tr>\n<td width=\"30%\"><b>Verfahrbereich Z<\/b><\/td>\n<td width=\"70%\">800 mm<\/td>\n<\/tr>\n<tr>\n<td width=\"30%\"><b>Max. Probengr\u00f6\u00dfe X\/Y<\/b><\/td>\n<td width=\"70%\">450 x 280 mm<\/td>\n<\/tr>\n<tr>\n<td width=\"30%\"><b>Max. Probengewicht<\/b><\/td>\n<td width=\"70%\">bis 30kg<\/td>\n<\/tr>\n<\/tbody>\n<\/table>\n<table class=\"vertical listing\" width=\"100%\">\n<tbody>\n<tr>\n<td>\n<h3>Sonstige Systemdaten<\/h3>\n<\/td>\n<td><\/td>\n<\/tr>\n<\/tbody>\n<tbody>\n<tr>\n<td width=\"30%\"><b>Anschlusswerte<\/b><\/td>\n<td width=\"70%\">3 Phasen, 400 V +\/- 10 %, 50\/60 Hz, 16 A<\/td>\n<\/tr>\n<tr>\n<td width=\"30%\"><b>Leistungsaufnahme<\/b><\/td>\n<td width=\"70%\">3 kW<\/td>\n<\/tr>\n<tr>\n<td width=\"30%\"><b>Druckluft<\/b><\/td>\n<td width=\"70%\">6 bar Druckluft<\/td>\n<\/tr>\n<tr>\n<td width=\"30%\"><b>Temperatur<\/b><\/td>\n<td width=\"70%\">10\u00b0C &#8211; 35\u00b0C (50\u00b0F &#8211; 95\u00b0F)<\/td>\n<\/tr>\n<tr>\n<td width=\"30%\"><b>Relative Luftfeuchtigkeit<\/b><\/td>\n<td width=\"70%\">20 &#8211; 80 % nicht kondensierend<\/td>\n<\/tr>\n<tr>\n<td width=\"30%\"><b>Systemma\u00dfe<\/b><\/td>\n<td width=\"70%\">2210 x 1970 x 1890 mm (B x T x H)<\/td>\n<\/tr>\n<tr>\n<td width=\"30%\"><b>Gewicht<\/b><\/td>\n<td width=\"70%\">Ca. 5000 kg<\/td>\n<\/tr>\n<\/tbody>\n<\/table>\n","protected":false},"excerpt":{"rendered":"<p>VISCOM X8060 NDT &#8211; 2D\/3D-X-ray inspection R\u00f6ntgentechnik R\u00f6ntgenr\u00f6hre Offene Ganzmetallr\u00f6hre Viscom XT9190-THP mit Transmissionsger\u00e4t Hochspannung 10 &#8211; 190 kV R\u00f6hrenstrom 10 \u00b5A &#8211; 800 \u00b5A Targetleistung Max. 80W, Microfokusbereich bis 8W Brennfleckgr\u00f6\u00dfe &lt; 5 &#8230; 2 \u00b5m Detailerkennbarkeit &lt; 2 &#8230; 1 \u00b5m Minimaler Fokus-Objekt-Abstand 4,1 &#8230; 0,2 mm Vergr\u00f6\u00dferung Direkte geometrische Vergr\u00f6\u00dferung je nach &hellip; <a href=\"https:\/\/www.micro-ct.at\/en\/facts\/technische-daten\/\" class=\"more-link\">Continue reading <span class=\"screen-reader-text\">Technical Data<\/span> <span class=\"meta-nav\">&rarr;<\/span><\/a><\/p>\n","protected":false},"author":3,"featured_media":0,"parent":8,"menu_order":1,"comment_status":"closed","ping_status":"closed","template":"","meta":{"footnotes":""},"class_list":["post-22","page","type-page","status-publish","hentry"],"translation":{"provider":"WPGlobus","version":"3.0.2","language":"en","enabled_languages":["de","en"],"languages":{"de":{"title":true,"content":true,"excerpt":false},"en":{"title":true,"content":true,"excerpt":false}}},"_links":{"self":[{"href":"https:\/\/www.micro-ct.at\/en\/wp-json\/wp\/v2\/pages\/22","targetHints":{"allow":["GET"]}}],"collection":[{"href":"https:\/\/www.micro-ct.at\/en\/wp-json\/wp\/v2\/pages"}],"about":[{"href":"https:\/\/www.micro-ct.at\/en\/wp-json\/wp\/v2\/types\/page"}],"author":[{"embeddable":true,"href":"https:\/\/www.micro-ct.at\/en\/wp-json\/wp\/v2\/users\/3"}],"replies":[{"embeddable":true,"href":"https:\/\/www.micro-ct.at\/en\/wp-json\/wp\/v2\/comments?post=22"}],"version-history":[{"count":21,"href":"https:\/\/www.micro-ct.at\/en\/wp-json\/wp\/v2\/pages\/22\/revisions"}],"predecessor-version":[{"id":552,"href":"https:\/\/www.micro-ct.at\/en\/wp-json\/wp\/v2\/pages\/22\/revisions\/552"}],"up":[{"embeddable":true,"href":"https:\/\/www.micro-ct.at\/en\/wp-json\/wp\/v2\/pages\/8"}],"wp:attachment":[{"href":"https:\/\/www.micro-ct.at\/en\/wp-json\/wp\/v2\/media?parent=22"}],"curies":[{"name":"wp","href":"https:\/\/api.w.org\/{rel}","templated":true}]}}