{"id":371,"date":"2018-05-15T13:35:23","date_gmt":"2018-05-15T11:35:23","guid":{"rendered":"http:\/\/www.micro-ct.at\/?page_id=371"},"modified":"2023-02-08T14:52:04","modified_gmt":"2023-02-08T13:52:04","slug":"datenschutzerklaerung","status":"publish","type":"page","link":"https:\/\/www.micro-ct.at\/en\/imprint\/datenschutzerklaerung\/","title":{"rendered":"Datenschutzerkl\u00e4rung"},"content":{"rendered":"<p>Wir verarbeiten Ihre Daten ausschlie\u00dflich auf Grundlage der gesetzlichen Bestimmungen der europ\u00e4ischen <em>Datenschutzgrundverordnung<\/em>.<\/p>\n<h2>Datenspeicherung<\/h2>\n<p>Unsere Website speichert <em>keinerlei<\/em> personenbezogene Daten (Namen, IP-Adressen, etc.)  von Besuchern!<\/p>\n<h2>Cookies<\/h2>\n<p>Unsere Website verwendet <em>keine<\/em> so genannten &#8220;Cookies&#8221;!<\/p>\n<p>Dabei handelt es sich um kleine Textdateien, die mit Hilfe des Browsers auf Ihrem Endger\u00e4t abgelegt werden. Sie richten keinen Schaden an und erm\u00f6glichen, Ihren Browser beim n\u00e4chsten Besuch auf einer vormals aufgerufenen Website wiederzuerkennen.<\/p>\n<h2>Web-Analyse<\/h2>\n<p>Unsere Website verwendet keine Funktionen eines Webanalysedienstes.<\/p>\n<h2>Ihre Rechte<\/h2>\n<p>Ihnen stehen grunds\u00e4tzlich die Rechte auf Auskunft, Berichtigung, L\u00f6schung, Einschr\u00e4nkung, Daten\u00fcbertragbarkeit, Widerruf und Widerspruch zu. Wenn Sie glauben, dass die Verarbeitung Ihrer Daten gegen das Datenschutzrecht verst\u00f6\u00dft oder Ihre datenschutzrechtlichen Anspr\u00fcche sonst in einer Weise verletzt worden sind, wenden sie sich an die \u00f6sterreichische <em>Datenschutzbeh\u00f6rde<\/em>.<\/p>\n<h2>Unsere Kontaktdaten f\u00fcr Anfragen zum Datenschutz:<\/h2>\n<p><strong><b>Vienna Micro-CT Lab<\/b><\/strong><br \/>\nz.H. Gerhard Weber<br \/>\nDjerassiplatz 1<br \/>\n1030 Wien<br \/>\n\u00d6STERREICH<\/p>\n<p>Tel. <a href=\"tel:+431427776801\">0043-1-4277-76801<br \/>\n<\/a>Fax. 0043-1-4277-9768<br \/>\nE-mail: <a href=\"mailto:gerhard.weber@univie.ac.at\">gerhard.weber@univie.ac.at<\/a><\/p>\n","protected":false},"excerpt":{"rendered":"<p>Wir verarbeiten Ihre Daten ausschlie\u00dflich auf Grundlage der gesetzlichen Bestimmungen der europ\u00e4ischen Datenschutzgrundverordnung. Datenspeicherung Unsere Website speichert keinerlei personenbezogene Daten (Namen, IP-Adressen, etc.) von Besuchern! Cookies Unsere Website verwendet keine so genannten &#8220;Cookies&#8221;! Dabei handelt es sich um kleine Textdateien, die mit Hilfe des Browsers auf Ihrem Endger\u00e4t abgelegt werden. Sie richten keinen Schaden an &hellip; <a href=\"https:\/\/www.micro-ct.at\/en\/imprint\/datenschutzerklaerung\/\" class=\"more-link\">Continue reading <span class=\"screen-reader-text\">Datenschutzerkl\u00e4rung<\/span> <span class=\"meta-nav\">&rarr;<\/span><\/a><\/p>\n","protected":false},"author":3,"featured_media":0,"parent":13,"menu_order":0,"comment_status":"closed","ping_status":"closed","template":"","meta":{"footnotes":""},"class_list":["post-371","page","type-page","status-publish","hentry"],"translation":{"provider":"WPGlobus","version":"3.0.2","language":"en","enabled_languages":["de","en"],"languages":{"de":{"title":true,"content":true,"excerpt":false},"en":{"title":false,"content":false,"excerpt":false}}},"_links":{"self":[{"href":"https:\/\/www.micro-ct.at\/en\/wp-json\/wp\/v2\/pages\/371","targetHints":{"allow":["GET"]}}],"collection":[{"href":"https:\/\/www.micro-ct.at\/en\/wp-json\/wp\/v2\/pages"}],"about":[{"href":"https:\/\/www.micro-ct.at\/en\/wp-json\/wp\/v2\/types\/page"}],"author":[{"embeddable":true,"href":"https:\/\/www.micro-ct.at\/en\/wp-json\/wp\/v2\/users\/3"}],"replies":[{"embeddable":true,"href":"https:\/\/www.micro-ct.at\/en\/wp-json\/wp\/v2\/comments?post=371"}],"version-history":[{"count":13,"href":"https:\/\/www.micro-ct.at\/en\/wp-json\/wp\/v2\/pages\/371\/revisions"}],"predecessor-version":[{"id":504,"href":"https:\/\/www.micro-ct.at\/en\/wp-json\/wp\/v2\/pages\/371\/revisions\/504"}],"up":[{"embeddable":true,"href":"https:\/\/www.micro-ct.at\/en\/wp-json\/wp\/v2\/pages\/13"}],"wp:attachment":[{"href":"https:\/\/www.micro-ct.at\/en\/wp-json\/wp\/v2\/media?parent=371"}],"curies":[{"name":"wp","href":"https:\/\/api.w.org\/{rel}","templated":true}]}}